{"id":3150,"date":"2022-04-30T14:58:38","date_gmt":"2022-04-30T06:58:38","guid":{"rendered":"https:\/\/sockcustom.com\/blog\/"},"modified":"2022-11-06T14:29:08","modified_gmt":"2022-11-06T14:29:08","slug":"blog","status":"publish","type":"page","link":"https:\/\/sockcustom.com\/es\/blog\/","title":{"rendered":"Blog"},"content":{"rendered":"<style>#kt-layout-id_220689-ed > .kt-row-column-wrap{align-content:start;}:where(#kt-layout-id_220689-ed > .kt-row-column-wrap) > .wp-block-kadence-column{justify-content:start;}#kt-layout-id_220689-ed > .kt-row-column-wrap{column-gap:var(--global-kb-gap-md, 2rem);row-gap:var(--global-kb-gap-md, 2rem);padding-top:var( --global-kb-row-default-top, 25px );padding-bottom:var( --global-kb-row-default-bottom, 25px );padding-top:var(--global-kb-spacing-sm, 1.5rem);padding-bottom:var(--global-kb-spacing-sm, 1.5rem);grid-template-columns:minmax(0, 1fr);}#kt-layout-id_220689-ed > .kt-row-layout-overlay{opacity:0.30;}@media all and (max-width: 1024px){#kt-layout-id_220689-ed > .kt-row-column-wrap{grid-template-columns:minmax(0, 1fr);}}@media all and (max-width: 767px){#kt-layout-id_220689-ed > .kt-row-column-wrap{grid-template-columns:minmax(0, 1fr);}}<\/style>\n<div class=\"wp-block-kadence-rowlayout alignnone\"><div id=\"kt-layout-id_220689-ed\" class=\"kt-row-layout-inner kt-layout-id_220689-ed\"><div class=\"kt-row-column-wrap kt-has-1-columns kt-gutter-default kt-v-gutter-default kt-row-valign-top kt-row-layout-equal kt-tab-layout-inherit kt-m-colapse-left-to-right kt-mobile-layout-row\"><style>.kadence-column_f44046-14 > .kt-inside-inner-col{padding-top:100px;}.kadence-column_f44046-14 > .kt-inside-inner-col{border-top-width:0px;border-right-width:0px;border-bottom-width:0px;border-left-width:0px;}.kadence-column_f44046-14 > .kt-inside-inner-col,.kadence-column_f44046-14 > .kt-inside-inner-col:before{border-top-left-radius:0px;border-top-right-radius:0px;border-bottom-right-radius:0px;border-bottom-left-radius:0px;}.kadence-column_f44046-14 > .kt-inside-inner-col{column-gap:var(--global-kb-gap-sm, 1rem);}.kadence-column_f44046-14 > .kt-inside-inner-col{flex-direction:column;}.kadence-column_f44046-14 > .kt-inside-inner-col > .aligncenter{width:100%;}.kadence-column_f44046-14 > .kt-inside-inner-col:before{opacity:0.3;}.kadence-column_f44046-14{position:relative;}@media all and (max-width: 1024px){.kadence-column_f44046-14 > .kt-inside-inner-col{flex-direction:column;justify-content:center;}}@media all and (max-width: 767px){.kadence-column_f44046-14 > .kt-inside-inner-col{flex-direction:column;justify-content:center;}}<\/style>\n<div class=\"wp-block-kadence-column inner-column-1 kadence-column_f44046-14\"><div class=\"kt-inside-inner-col\"><style>.wp-block-kadence-advancedheading.kt-adv-heading_293686-0d, .wp-block-kadence-advancedheading.kt-adv-heading_293686-0d[data-kb-block=\"kb-adv-heading_293686-0d\"]{text-align:center;font-style:normal;}.wp-block-kadence-advancedheading.kt-adv-heading_293686-0d mark.kt-highlight, .wp-block-kadence-advancedheading.kt-adv-heading_293686-0d[data-kb-block=\"kb-adv-heading_293686-0d\"] mark.kt-highlight{font-style:normal;color:#f76a0c;-webkit-box-decoration-break:clone;box-decoration-break:clone;padding-top:0px;padding-right:0px;padding-bottom:0px;padding-left:0px;}.wp-block-kadence-advancedheading.kt-adv-heading_293686-0d img.kb-inline-image, .wp-block-kadence-advancedheading.kt-adv-heading_293686-0d[data-kb-block=\"kb-adv-heading_293686-0d\"] img.kb-inline-image{width:150px;vertical-align:baseline;}<\/style>\n<h2 class=\"kt-adv-heading_293686-0d wp-block-kadence-advancedheading\" data-kb-block=\"kb-adv-heading_293686-0d\">Blog<\/h2>\n\n\n\n<p class=\"has-text-align-center\">\u00a1Encuentra nuestras \u00faltimas actualizaciones sobre calcetines con logotipo personalizado!<\/p>\n<\/div><\/div>\n<\/div><\/div><\/div>\n<style>#kt-layout-id_e4a7af-39{margin-bottom:100px;}#kt-layout-id_e4a7af-39 > .kt-row-column-wrap{align-content:start;}:where(#kt-layout-id_e4a7af-39 > .kt-row-column-wrap) > .wp-block-kadence-column{justify-content:start;}#kt-layout-id_e4a7af-39 > .kt-row-column-wrap{column-gap:var(--global-kb-gap-md, 2rem);row-gap:var(--global-kb-gap-md, 2rem);max-width:1242px;margin-left:auto;margin-right:auto;padding-top:var( --global-kb-row-default-top, 25px );padding-bottom:var( --global-kb-row-default-bottom, 25px );padding-top:var(--global-kb-spacing-sm, 1.5rem);padding-bottom:var(--global-kb-spacing-sm, 1.5rem);grid-template-columns:minmax(0, 1fr);}#kt-layout-id_e4a7af-39 > .kt-row-layout-overlay{opacity:0.30;}@media all and (max-width: 1024px){#kt-layout-id_e4a7af-39 > .kt-row-column-wrap{grid-template-columns:minmax(0, 1fr);}}@media all and (max-width: 767px){#kt-layout-id_e4a7af-39 > .kt-row-column-wrap{grid-template-columns:minmax(0, 1fr);}}<\/style>\n<div class=\"wp-block-kadence-rowlayout alignnone\"><div id=\"kt-layout-id_e4a7af-39\" class=\"kt-row-layout-inner kt-layout-id_e4a7af-39\"><div class=\"kt-row-column-wrap kt-has-1-columns kt-gutter-default kt-v-gutter-default kt-row-valign-top kt-row-layout-equal kt-tab-layout-inherit kt-m-colapse-left-to-right kt-mobile-layout-row\"><style>.kadence-column_cd1a4b-1c > .kt-inside-inner-col{border-top-width:0px;border-right-width:0px;border-bottom-width:0px;border-left-width:0px;}.kadence-column_cd1a4b-1c > .kt-inside-inner-col,.kadence-column_cd1a4b-1c > .kt-inside-inner-col:before{border-top-left-radius:0px;border-top-right-radius:0px;border-bottom-right-radius:0px;border-bottom-left-radius:0px;}.kadence-column_cd1a4b-1c > .kt-inside-inner-col{column-gap:var(--global-kb-gap-sm, 1rem);}.kadence-column_cd1a4b-1c > .kt-inside-inner-col{flex-direction:column;}.kadence-column_cd1a4b-1c > .kt-inside-inner-col > .aligncenter{width:100%;}.kadence-column_cd1a4b-1c > .kt-inside-inner-col:before{opacity:0.3;}.kadence-column_cd1a4b-1c{position:relative;}@media all and (max-width: 1024px){.kadence-column_cd1a4b-1c > .kt-inside-inner-col{flex-direction:column;justify-content:center;}}@media all and (max-width: 767px){.kadence-column_cd1a4b-1c > .kt-inside-inner-col{flex-direction:column;justify-content:center;}}<\/style>\n<div class=\"wp-block-kadence-column inner-column-1 kadence-column_cd1a4b-1c\"><div class=\"kt-inside-inner-col\"><style>.kb-posts-id-_74ac63-40 .kb-post-list-item{display:grid;}<\/style><ul class=\"wp-block-kadence-posts kb-posts kadence-posts-list kb-posts-id-_74ac63-40 content-wrap grid-cols kb-posts-style-boxed grid-sm-col-2 grid-lg-col-2 item-image-style-above\"><li class=\"kb-post-list-item\">\n\t<article class=\"entry content-bg loop-entry post-3203 post type-post status-publish format-standard has-post-thumbnail hentry category-por-que-regalos-personalizados tag-regalos-corporativos tag-regalos-de-empresa tag-regalos-personalizados tag-regalos-promocionales\">\n\t\t\t\t<a aria-hidden=\"true\" tabindex=\"-1\" role=\"presentation\" class=\"post-thumbnail kadence-thumbnail-ratio-2-3\" href=\"https:\/\/sockcustom.com\/es\/por-que-regalos-personalizados\/las-mejores-ideas-de-regalos-corporativos-comerciales-comparadas\/\" aria-label=\"Las mejores ideas de regalos corporativos \/ comerciales (comparadas)\">\n\t\t\t<div class=\"post-thumbnail-inner\">\n\t\t\t\t<img loading=\"lazy\" decoding=\"async\" width=\"720\" height=\"500\" src=\"https:\/\/sockcustom.com\/wp-content\/uploads\/2022\/05\/Best-Corporate-Gifting-Ideas.jpg\" class=\"attachment-medium_large size-medium_large wp-post-image\" alt=\"Las mejores ideas de regalos corporativos \/ comerciales (comparadas)\" srcset=\"https:\/\/sockcustom.com\/wp-content\/uploads\/2022\/05\/Best-Corporate-Gifting-Ideas.jpg 720w, https:\/\/sockcustom.com\/wp-content\/uploads\/2022\/05\/Best-Corporate-Gifting-Ideas-300x208.jpg 300w\" sizes=\"auto, (max-width: 720px) 100vw, 720px\" \/>\t\t\t<\/div>\n\t\t<\/a><!-- .post-thumbnail -->\n\t\t\t\t<div class=\"entry-content-wrap\">\n\t\t\t<header class=\"entry-header\">\n\t\t<div class=\"entry-taxonomies\">\n\t\t<span class=\"category-links term-links category-style-normal\">\n\t\t\t<a href=\"https:\/\/sockcustom.com\/es\/custom-logo-socks-category\/por-que-regalos-personalizados\/\" class=\"category-link-por-que-regalos-personalizados\" rel=\"tag\">Por qu\u00e9 regalos personalizados<\/a>\t\t<\/span>\n\t<\/div><!-- .entry-taxonomies -->\n\t<h3 class=\"entry-title\"><a href=\"https:\/\/sockcustom.com\/es\/por-que-regalos-personalizados\/las-mejores-ideas-de-regalos-corporativos-comerciales-comparadas\/\" rel=\"bookmark\">Las mejores ideas de regalos corporativos \/ comerciales (comparadas)<\/a><\/h3><\/header><!-- .entry-header -->\n<footer class=\"entry-footer\">\n\t<\/footer><!-- .entry-footer -->\t\t<\/div>\n\t<\/article>\n<\/li>\n<li class=\"kb-post-list-item\">\n\t<article class=\"entry content-bg loop-entry post-3190 post type-post status-publish format-standard has-post-thumbnail hentry category-hacer-calcetines-personalizados tag-distribuidor tag-ganar-dinero tag-negocio-de-calcetines-personalizados\">\n\t\t\t\t<a aria-hidden=\"true\" tabindex=\"-1\" role=\"presentation\" class=\"post-thumbnail kadence-thumbnail-ratio-2-3\" href=\"https:\/\/sockcustom.com\/es\/hacer-calcetines-personalizados\/obtenga-sus-ganancias-siendo-distribuidor-de-sockcustom\/\" aria-label=\"Obtenga sus ganancias siendo distribuidor de SockCustom\">\n\t\t\t<div class=\"post-thumbnail-inner\">\n\t\t\t\t<img loading=\"lazy\" decoding=\"async\" width=\"768\" height=\"429\" src=\"https:\/\/sockcustom.com\/wp-content\/uploads\/2022\/05\/Earn-your-profit-in-custom-sock-business-with-sockcustomcom-new-768x429.jpg\" class=\"attachment-medium_large size-medium_large wp-post-image\" alt=\"Obtenga sus ganancias siendo distribuidor de SockCustom\" srcset=\"https:\/\/sockcustom.com\/wp-content\/uploads\/2022\/05\/Earn-your-profit-in-custom-sock-business-with-sockcustomcom-new-768x429.jpg 768w, https:\/\/sockcustom.com\/wp-content\/uploads\/2022\/05\/Earn-your-profit-in-custom-sock-business-with-sockcustomcom-new-300x167.jpg 300w, https:\/\/sockcustom.com\/wp-content\/uploads\/2022\/05\/Earn-your-profit-in-custom-sock-business-with-sockcustomcom-new-1024x572.jpg 1024w, https:\/\/sockcustom.com\/wp-content\/uploads\/2022\/05\/Earn-your-profit-in-custom-sock-business-with-sockcustomcom-new.jpg 1204w\" sizes=\"auto, (max-width: 768px) 100vw, 768px\" \/>\t\t\t<\/div>\n\t\t<\/a><!-- .post-thumbnail -->\n\t\t\t\t<div class=\"entry-content-wrap\">\n\t\t\t<header class=\"entry-header\">\n\t\t<div class=\"entry-taxonomies\">\n\t\t<span class=\"category-links term-links category-style-normal\">\n\t\t\t<a href=\"https:\/\/sockcustom.com\/es\/custom-logo-socks-category\/hacer-calcetines-personalizados\/\" class=\"category-link-hacer-calcetines-personalizados\" rel=\"tag\">Hacer calcetines personalizados<\/a>\t\t<\/span>\n\t<\/div><!-- .entry-taxonomies -->\n\t<h3 class=\"entry-title\"><a href=\"https:\/\/sockcustom.com\/es\/hacer-calcetines-personalizados\/obtenga-sus-ganancias-siendo-distribuidor-de-sockcustom\/\" rel=\"bookmark\">Obtenga sus ganancias siendo distribuidor de SockCustom<\/a><\/h3><\/header><!-- .entry-header -->\n<footer class=\"entry-footer\">\n\t<\/footer><!-- .entry-footer -->\t\t<\/div>\n\t<\/article>\n<\/li>\n<li class=\"kb-post-list-item\">\n\t<article class=\"entry content-bg loop-entry post-3175 post type-post status-publish format-standard has-post-thumbnail hentry category-hacer-calcetines-personalizados tag-agujas-para-tejer-calcetines tag-coincidencia-de-color-de-calcetines tag-diseno-de-calcetines-personalizado\">\n\t\t\t\t<a aria-hidden=\"true\" tabindex=\"-1\" role=\"presentation\" class=\"post-thumbnail kadence-thumbnail-ratio-2-3\" href=\"https:\/\/sockcustom.com\/es\/hacer-calcetines-personalizados\/como-hacemos-un-hermoso-diseno-de-calcetin-personalizado\/\" aria-label=\"C\u00f3mo hacemos un hermoso dise\u00f1o de calcet\u00edn personalizado\">\n\t\t\t<div class=\"post-thumbnail-inner\">\n\t\t\t\t<img loading=\"lazy\" decoding=\"async\" width=\"600\" height=\"580\" src=\"https:\/\/sockcustom.com\/wp-content\/uploads\/2022\/05\/1622365942_600px.jpg\" class=\"attachment-medium_large size-medium_large wp-post-image\" alt=\"C\u00f3mo hacemos un hermoso dise\u00f1o de calcet\u00edn personalizado\" srcset=\"https:\/\/sockcustom.com\/wp-content\/uploads\/2022\/05\/1622365942_600px.jpg 600w, https:\/\/sockcustom.com\/wp-content\/uploads\/2022\/05\/1622365942_600px-300x290.jpg 300w\" sizes=\"auto, (max-width: 600px) 100vw, 600px\" \/>\t\t\t<\/div>\n\t\t<\/a><!-- .post-thumbnail -->\n\t\t\t\t<div class=\"entry-content-wrap\">\n\t\t\t<header class=\"entry-header\">\n\t\t<div class=\"entry-taxonomies\">\n\t\t<span class=\"category-links term-links category-style-normal\">\n\t\t\t<a href=\"https:\/\/sockcustom.com\/es\/custom-logo-socks-category\/hacer-calcetines-personalizados\/\" class=\"category-link-hacer-calcetines-personalizados\" rel=\"tag\">Hacer calcetines personalizados<\/a>\t\t<\/span>\n\t<\/div><!-- .entry-taxonomies -->\n\t<h3 class=\"entry-title\"><a href=\"https:\/\/sockcustom.com\/es\/hacer-calcetines-personalizados\/como-hacemos-un-hermoso-diseno-de-calcetin-personalizado\/\" rel=\"bookmark\">C\u00f3mo hacemos un hermoso dise\u00f1o de calcet\u00edn personalizado<\/a><\/h3><\/header><!-- .entry-header -->\n<footer class=\"entry-footer\">\n\t<\/footer><!-- .entry-footer -->\t\t<\/div>\n\t<\/article>\n<\/li>\n<li class=\"kb-post-list-item\">\n\t<article class=\"entry content-bg loop-entry post-3170 post type-post status-publish format-standard has-post-thumbnail hentry category-hacer-calcetines-personalizados tag-complementos tag-hacer-calcetines-personalizados tag-opciones-de-calcetines-personalizados tag-servicios\">\n\t\t\t\t<a aria-hidden=\"true\" tabindex=\"-1\" role=\"presentation\" class=\"post-thumbnail kadence-thumbnail-ratio-2-3\" href=\"https:\/\/sockcustom.com\/es\/hacer-calcetines-personalizados\/opciones-y-servicios-complementarios-en-la-fabricacion-de-calcetines-personalizados\/\" aria-label=\"Opciones y servicios complementarios en la fabricaci\u00f3n de calcetines personalizados\">\n\t\t\t<div class=\"post-thumbnail-inner\">\n\t\t\t\t<img loading=\"lazy\" decoding=\"async\" width=\"600\" height=\"400\" src=\"https:\/\/sockcustom.com\/wp-content\/uploads\/2022\/05\/make-custom-socks-with-your-logo-post.jpg\" class=\"attachment-medium_large size-medium_large wp-post-image\" alt=\"Opciones y servicios complementarios en la fabricaci\u00f3n de calcetines personalizados\" srcset=\"https:\/\/sockcustom.com\/wp-content\/uploads\/2022\/05\/make-custom-socks-with-your-logo-post.jpg 600w, https:\/\/sockcustom.com\/wp-content\/uploads\/2022\/05\/make-custom-socks-with-your-logo-post-300x200.jpg 300w\" sizes=\"auto, (max-width: 600px) 100vw, 600px\" \/>\t\t\t<\/div>\n\t\t<\/a><!-- .post-thumbnail -->\n\t\t\t\t<div class=\"entry-content-wrap\">\n\t\t\t<header class=\"entry-header\">\n\t\t<div class=\"entry-taxonomies\">\n\t\t<span class=\"category-links term-links category-style-normal\">\n\t\t\t<a href=\"https:\/\/sockcustom.com\/es\/custom-logo-socks-category\/hacer-calcetines-personalizados\/\" class=\"category-link-hacer-calcetines-personalizados\" rel=\"tag\">Hacer calcetines personalizados<\/a>\t\t<\/span>\n\t<\/div><!-- .entry-taxonomies -->\n\t<h3 class=\"entry-title\"><a href=\"https:\/\/sockcustom.com\/es\/hacer-calcetines-personalizados\/opciones-y-servicios-complementarios-en-la-fabricacion-de-calcetines-personalizados\/\" rel=\"bookmark\">Opciones y servicios complementarios en la fabricaci\u00f3n de calcetines personalizados<\/a><\/h3><\/header><!-- .entry-header -->\n<footer class=\"entry-footer\">\n\t<\/footer><!-- .entry-footer -->\t\t<\/div>\n\t<\/article>\n<\/li>\n<li class=\"kb-post-list-item\">\n\t<article class=\"entry content-bg loop-entry post-3154 post type-post status-publish format-standard has-post-thumbnail hentry category-hacer-calcetines-personalizados tag-calcetines-de-punto-personalizados tag-calcetines-impresos-personalizados tag-ideas-de-regalos-de-empresa tag-use-calcetines-personalizados-para tag-uso-de-calcetines-personalizados\">\n\t\t\t\t<a aria-hidden=\"true\" tabindex=\"-1\" role=\"presentation\" class=\"post-thumbnail kadence-thumbnail-ratio-2-3\" href=\"https:\/\/sockcustom.com\/es\/hacer-calcetines-personalizados\/que-son-los-calcetines-personalizados-y-por-que-los-necesitas\/\" aria-label=\"\u00bfQu\u00e9 son los calcetines personalizados y por qu\u00e9 los necesitas?\">\n\t\t\t<div class=\"post-thumbnail-inner\">\n\t\t\t\t<img loading=\"lazy\" decoding=\"async\" width=\"768\" height=\"512\" src=\"https:\/\/sockcustom.com\/wp-content\/uploads\/2022\/05\/DSC01788-768x512.jpg\" class=\"attachment-medium_large size-medium_large wp-post-image\" alt=\"\u00bfQu\u00e9 son los calcetines personalizados y por qu\u00e9 los necesitas?\" srcset=\"https:\/\/sockcustom.com\/wp-content\/uploads\/2022\/05\/DSC01788-768x512.jpg 768w, https:\/\/sockcustom.com\/wp-content\/uploads\/2022\/05\/DSC01788-300x200.jpg 300w, https:\/\/sockcustom.com\/wp-content\/uploads\/2022\/05\/DSC01788.jpg 967w\" sizes=\"auto, (max-width: 768px) 100vw, 768px\" \/>\t\t\t<\/div>\n\t\t<\/a><!-- .post-thumbnail -->\n\t\t\t\t<div class=\"entry-content-wrap\">\n\t\t\t<header class=\"entry-header\">\n\t\t<div class=\"entry-taxonomies\">\n\t\t<span class=\"category-links term-links category-style-normal\">\n\t\t\t<a href=\"https:\/\/sockcustom.com\/es\/custom-logo-socks-category\/hacer-calcetines-personalizados\/\" class=\"category-link-hacer-calcetines-personalizados\" rel=\"tag\">Hacer calcetines personalizados<\/a>\t\t<\/span>\n\t<\/div><!-- .entry-taxonomies -->\n\t<h3 class=\"entry-title\"><a href=\"https:\/\/sockcustom.com\/es\/hacer-calcetines-personalizados\/que-son-los-calcetines-personalizados-y-por-que-los-necesitas\/\" rel=\"bookmark\">\u00bfQu\u00e9 son los calcetines personalizados y por qu\u00e9 los necesitas?<\/a><\/h3><\/header><!-- .entry-header -->\n<footer class=\"entry-footer\">\n\t<\/footer><!-- .entry-footer -->\t\t<\/div>\n\t<\/article>\n<\/li>\n<\/ul><\/div><\/div>\n<\/div><\/div><\/div>\n<style>#kt-layout-id_9c5208-18 > .kt-row-column-wrap{z-index:10;position:relative;align-content:start;}:where(#kt-layout-id_9c5208-18 > .kt-row-column-wrap) > .wp-block-kadence-column{justify-content:start;}#kt-layout-id_9c5208-18 > .kt-row-column-wrap{column-gap:var(--global-kb-gap-md, 2rem);row-gap:var(--global-kb-gap-md, 2rem);max-width:580px;margin-left:auto;margin-right:auto;padding-top:var( --global-kb-row-default-top, 25px );padding-bottom:var( --global-kb-row-default-bottom, 25px );padding-top:120px;padding-bottom:50px;padding-left:0px;padding-right:0px;grid-template-columns:minmax(0, 1fr);}#kt-layout-id_9c5208-18 > .kt-row-layout-overlay{opacity:0.30;}#kt-layout-id_9c5208-18 .kt-row-layout-bottom-sep{height:100px;}#kt-layout-id_9c5208-18 .kt-row-layout-bottom-sep svg{width:312%;}#kt-layout-id_9c5208-18 .kt-row-layout-bottom-sep svg{fill:#ffffff!important;}#kt-layout-id_9c5208-18 .kt-row-layout-top-sep{height:70px;}#kt-layout-id_9c5208-18 .kt-row-layout-top-sep svg{width:100%;}#kt-layout-id_9c5208-18 .kt-row-layout-top-sep svg{fill:var(--global-palette9, #ffffff)!important;}@media all and (max-width: 1024px){#kt-layout-id_9c5208-18 > .kt-row-column-wrap{grid-template-columns:minmax(0, 1fr);}}@media all and (max-width: 1024px){#kt-layout-id_9c5208-18 .kt-row-layout-bottom-sep{height:px;}}@media all and (max-width: 1024px){#kt-layout-id_9c5208-18 .kt-row-layout-bottom-sep svg{width:%;}}@media all and (max-width: 767px){#kt-layout-id_9c5208-18 > .kt-row-column-wrap{grid-template-columns:minmax(0, 1fr);}#kt-layout-id_9c5208-18 .kt-row-layout-bottom-sep{height:px;}#kt-layout-id_9c5208-18 .kt-row-layout-bottom-sep svg{width:%;}}<\/style>\n<div class=\"wp-block-kadence-rowlayout alignnone\"><div id=\"kt-layout-id_9c5208-18\" class=\"kt-row-layout-inner kt-row-has-bg kt-layout-id_9c5208-18 has-theme-palette-8-background-color\"><div class=\"kt-row-layout-top-sep kt-row-sep-type-sltr\"><svg style=\"fill:var(--global-palette9)\" viewBox=\"0 0 1000 100\" preserveAspectRatio=\"none\"><path d=\"M0,0l1000,100l-1000,0l0,-100Z\"><\/path><\/svg><\/div><div class=\"kt-row-column-wrap kt-has-1-columns kt-gutter-default kt-v-gutter-default kt-row-valign-top kt-row-layout-equal kt-tab-layout-inherit kt-m-colapse-left-to-right kt-mobile-layout-row\"><style>.kadence-column_74a190-06 > .kt-inside-inner-col{border-top-width:0px;border-right-width:0px;border-bottom-width:0px;border-left-width:0px;}.kadence-column_74a190-06 > .kt-inside-inner-col,.kadence-column_74a190-06 > .kt-inside-inner-col:before{border-top-left-radius:0px;border-top-right-radius:0px;border-bottom-right-radius:0px;border-bottom-left-radius:0px;}.kadence-column_74a190-06 > .kt-inside-inner-col{column-gap:var(--global-kb-gap-sm, 1rem);}.kadence-column_74a190-06 > .kt-inside-inner-col{flex-direction:column;}.kadence-column_74a190-06 > .kt-inside-inner-col > .aligncenter{width:100%;}.kadence-column_74a190-06 > .kt-inside-inner-col:before{opacity:0.3;}.kadence-column_74a190-06{position:relative;}@media all and (max-width: 1024px){.kadence-column_74a190-06 > .kt-inside-inner-col{flex-direction:column;justify-content:center;}}@media all and (max-width: 767px){.kadence-column_74a190-06 > .kt-inside-inner-col{flex-direction:column;justify-content:center;}}<\/style>\n<div class=\"wp-block-kadence-column inner-column-1 kadence-column_74a190-06\"><div class=\"kt-inside-inner-col\"><style>.wp-block-kadence-advancedheading.kt-adv-heading_2b8a8b-a2, .wp-block-kadence-advancedheading.kt-adv-heading_2b8a8b-a2[data-kb-block=\"kb-adv-heading_2b8a8b-a2\"]{margin-bottom:35px;text-align:center;font-size:30px;line-height:38px;font-weight:normal;font-style:normal;}.wp-block-kadence-advancedheading.kt-adv-heading_2b8a8b-a2 mark.kt-highlight, .wp-block-kadence-advancedheading.kt-adv-heading_2b8a8b-a2[data-kb-block=\"kb-adv-heading_2b8a8b-a2\"] mark.kt-highlight{font-weight:normal;font-style:normal;color:#f76a0c;-webkit-box-decoration-break:clone;box-decoration-break:clone;padding-top:0px;padding-right:0px;padding-bottom:0px;padding-left:0px;}.wp-block-kadence-advancedheading.kt-adv-heading_2b8a8b-a2 img.kb-inline-image, .wp-block-kadence-advancedheading.kt-adv-heading_2b8a8b-a2[data-kb-block=\"kb-adv-heading_2b8a8b-a2\"] img.kb-inline-image{width:150px;vertical-align:baseline;}<\/style>\n<h2 class=\"kt-adv-heading_2b8a8b-a2 wp-block-kadence-advancedheading has-theme-palette-3-color has-text-color\" data-kb-block=\"kb-adv-heading_2b8a8b-a2\">Obtenga los calcetines con logotipo personalizado que necesita y que les gustan a sus clientes.<\/h2>\n\n\n<style>.wp-block-kadence-advancedheading.kt-adv-heading_ee59a8-8e, .wp-block-kadence-advancedheading.kt-adv-heading_ee59a8-8e[data-kb-block=\"kb-adv-heading_ee59a8-8e\"]{margin-bottom:35px;text-align:center;font-weight:normal;font-style:normal;}.wp-block-kadence-advancedheading.kt-adv-heading_ee59a8-8e mark.kt-highlight, .wp-block-kadence-advancedheading.kt-adv-heading_ee59a8-8e[data-kb-block=\"kb-adv-heading_ee59a8-8e\"] mark.kt-highlight{font-weight:normal;font-style:normal;color:#f76a0c;-webkit-box-decoration-break:clone;box-decoration-break:clone;padding-top:0px;padding-right:0px;padding-bottom:0px;padding-left:0px;}.wp-block-kadence-advancedheading.kt-adv-heading_ee59a8-8e img.kb-inline-image, .wp-block-kadence-advancedheading.kt-adv-heading_ee59a8-8e[data-kb-block=\"kb-adv-heading_ee59a8-8e\"] img.kb-inline-image{width:150px;vertical-align:baseline;}<\/style>\n<p class=\"kt-adv-heading_ee59a8-8e wp-block-kadence-advancedheading\" data-kb-block=\"kb-adv-heading_ee59a8-8e\">Estamos ofreciendo la mejor soluci\u00f3n para regalos de empresa, \u00a1empieza a hacer calcetines personalizados con el logo de tu marca hoy!<\/p>\n\n\n<style>.wp-block-kadence-advancedbtn.kb-btns_f3b889-5a{gap:var(--global-kb-gap-xs, 0.5rem );justify-content:center;align-items:center;}.kt-btns_f3b889-5a .kt-button{font-weight:normal;font-style:normal;}.kt-btns_f3b889-5a .kt-btn-wrap-0{margin-right:5px;}.wp-block-kadence-advancedbtn.kt-btns_f3b889-5a .kt-btn-wrap-0 .kt-button{padding-left:30px;padding-right:30px;padding-top:14px;padding-bottom:14px;color:#ffffff;font-size:15px;background:var(--global-palette1, #3182CE);border-color:rgba(85, 85, 85, 0.01);}.wp-block-kadence-advancedbtn.kt-btns_f3b889-5a .kt-btn-wrap-0 .kt-button:hover, .wp-block-kadence-advancedbtn.kt-btns_f3b889-5a .kt-btn-wrap-0 .kt-button:focus{color:#ffffff;border-color:rgba(68, 68, 68, 0.02);}.wp-block-kadence-advancedbtn.kt-btns_f3b889-5a .kt-btn-wrap-0 .kt-button::before{display:none;}.wp-block-kadence-advancedbtn.kt-btns_f3b889-5a .kt-btn-wrap-0 .kt-button:hover, .wp-block-kadence-advancedbtn.kt-btns_f3b889-5a .kt-btn-wrap-0 .kt-button:focus{background:var(--global-palette2, #2B6CB0);}<\/style>\n<div class=\"wp-block-kadence-advancedbtn kt-btn-align-center kt-btn-tablet-align-inherit kt-btn-mobile-align-inherit kt-btns-wrap kt-btns_f3b889-5a\"><div class=\"kt-btn-wrap kt-btn-wrap-0\"><a class=\"kt-button button kt-btn-0-action kt-btn-size-custom kt-btn-style-basic kt-btn-svg-show-always kt-btn-has-text-true kt-btn-has-svg-false\" href=\"\/contacto\" style=\"border-radius:8px;border-width:0px\"><span class=\"kt-btn-inner-text\">\u00a1Comience ahora!<\/span><\/a><\/div><\/div>\n<\/div><\/div>\n<\/div><\/div><\/div>\n","protected":false},"excerpt":{"rendered":"<p>Blog \u00a1Encuentra nuestras \u00faltimas actualizaciones sobre calcetines con logotipo personalizado!<\/p>\n","protected":false},"author":2,"featured_media":0,"parent":0,"menu_order":0,"comment_status":"closed","ping_status":"closed","template":"","meta":{"_kadence_starter_templates_imported_post":false,"_kad_post_transparent":"","_kad_post_title":"","_kad_post_layout":"","_kad_post_sidebar_id":"","_kad_post_content_style":"","_kad_post_vertical_padding":"","_kad_post_feature":"","_kad_post_feature_position":"","_kad_post_header":false,"_kad_post_footer":false,"_kad_post_classname":"","_glsr_average":0,"_glsr_ranking":0,"_glsr_reviews":0,"footnotes":""},"class_list":["post-3150","page","type-page","status-publish","hentry"],"_links":{"self":[{"href":"https:\/\/sockcustom.com\/es\/wp-json\/wp\/v2\/pages\/3150","targetHints":{"allow":["GET"]}}],"collection":[{"href":"https:\/\/sockcustom.com\/es\/wp-json\/wp\/v2\/pages"}],"about":[{"href":"https:\/\/sockcustom.com\/es\/wp-json\/wp\/v2\/types\/page"}],"author":[{"embeddable":true,"href":"https:\/\/sockcustom.com\/es\/wp-json\/wp\/v2\/users\/2"}],"replies":[{"embeddable":true,"href":"https:\/\/sockcustom.com\/es\/wp-json\/wp\/v2\/comments?post=3150"}],"version-history":[{"count":1,"href":"https:\/\/sockcustom.com\/es\/wp-json\/wp\/v2\/pages\/3150\/revisions"}],"predecessor-version":[{"id":3151,"href":"https:\/\/sockcustom.com\/es\/wp-json\/wp\/v2\/pages\/3150\/revisions\/3151"}],"wp:attachment":[{"href":"https:\/\/sockcustom.com\/es\/wp-json\/wp\/v2\/media?parent=3150"}],"curies":[{"name":"wp","href":"https:\/\/api.w.org\/{rel}","templated":true}]}}