{"id":3148,"date":"2022-04-30T14:58:38","date_gmt":"2022-04-30T06:58:38","guid":{"rendered":"https:\/\/sockcustom.com\/blog\/"},"modified":"2022-11-06T14:29:07","modified_gmt":"2022-11-06T14:29:07","slug":"blog","status":"publish","type":"page","link":"https:\/\/sockcustom.com\/de\/blog\/","title":{"rendered":"Blog"},"content":{"rendered":"<style>#kt-layout-id_220689-ed > .kt-row-column-wrap{align-content:start;}:where(#kt-layout-id_220689-ed > .kt-row-column-wrap) > .wp-block-kadence-column{justify-content:start;}#kt-layout-id_220689-ed > .kt-row-column-wrap{column-gap:var(--global-kb-gap-md, 2rem);row-gap:var(--global-kb-gap-md, 2rem);padding-top:var( --global-kb-row-default-top, 25px );padding-bottom:var( --global-kb-row-default-bottom, 25px );padding-top:var(--global-kb-spacing-sm, 1.5rem);padding-bottom:var(--global-kb-spacing-sm, 1.5rem);grid-template-columns:minmax(0, 1fr);}#kt-layout-id_220689-ed > .kt-row-layout-overlay{opacity:0.30;}@media all and (max-width: 1024px){#kt-layout-id_220689-ed > .kt-row-column-wrap{grid-template-columns:minmax(0, 1fr);}}@media all and (max-width: 767px){#kt-layout-id_220689-ed > .kt-row-column-wrap{grid-template-columns:minmax(0, 1fr);}}<\/style>\n<div class=\"wp-block-kadence-rowlayout alignnone\"><div id=\"kt-layout-id_220689-ed\" class=\"kt-row-layout-inner kt-layout-id_220689-ed\"><div class=\"kt-row-column-wrap kt-has-1-columns kt-gutter-default kt-v-gutter-default kt-row-valign-top kt-row-layout-equal kt-tab-layout-inherit kt-m-colapse-left-to-right kt-mobile-layout-row\"><style>.kadence-column_f44046-14 > .kt-inside-inner-col{padding-top:100px;}.kadence-column_f44046-14 > .kt-inside-inner-col{border-top-width:0px;border-right-width:0px;border-bottom-width:0px;border-left-width:0px;}.kadence-column_f44046-14 > .kt-inside-inner-col,.kadence-column_f44046-14 > .kt-inside-inner-col:before{border-top-left-radius:0px;border-top-right-radius:0px;border-bottom-right-radius:0px;border-bottom-left-radius:0px;}.kadence-column_f44046-14 > .kt-inside-inner-col{column-gap:var(--global-kb-gap-sm, 1rem);}.kadence-column_f44046-14 > .kt-inside-inner-col{flex-direction:column;}.kadence-column_f44046-14 > .kt-inside-inner-col > .aligncenter{width:100%;}.kadence-column_f44046-14 > .kt-inside-inner-col:before{opacity:0.3;}.kadence-column_f44046-14{position:relative;}@media all and (max-width: 1024px){.kadence-column_f44046-14 > .kt-inside-inner-col{flex-direction:column;justify-content:center;}}@media all and (max-width: 767px){.kadence-column_f44046-14 > .kt-inside-inner-col{flex-direction:column;justify-content:center;}}<\/style>\n<div class=\"wp-block-kadence-column inner-column-1 kadence-column_f44046-14\"><div class=\"kt-inside-inner-col\"><style>.wp-block-kadence-advancedheading.kt-adv-heading_293686-0d, .wp-block-kadence-advancedheading.kt-adv-heading_293686-0d[data-kb-block=\"kb-adv-heading_293686-0d\"]{text-align:center;font-style:normal;}.wp-block-kadence-advancedheading.kt-adv-heading_293686-0d mark.kt-highlight, .wp-block-kadence-advancedheading.kt-adv-heading_293686-0d[data-kb-block=\"kb-adv-heading_293686-0d\"] mark.kt-highlight{font-style:normal;color:#f76a0c;-webkit-box-decoration-break:clone;box-decoration-break:clone;padding-top:0px;padding-right:0px;padding-bottom:0px;padding-left:0px;}<\/style>\n<h2 class=\"kt-adv-heading_293686-0d wp-block-kadence-advancedheading\" data-kb-block=\"kb-adv-heading_293686-0d\">Blog<\/h2>\n\n\n\n<p class=\"has-text-align-center\">Hier finden Sie unsere neuesten Updates zu benutzerdefinierten Logo-Socken!<\/p>\n<\/div><\/div>\n<\/div><\/div><\/div>\n<style>#kt-layout-id_e4a7af-39{margin-bottom:100px;}#kt-layout-id_e4a7af-39 > .kt-row-column-wrap{align-content:start;}:where(#kt-layout-id_e4a7af-39 > .kt-row-column-wrap) > .wp-block-kadence-column{justify-content:start;}#kt-layout-id_e4a7af-39 > .kt-row-column-wrap{column-gap:var(--global-kb-gap-md, 2rem);row-gap:var(--global-kb-gap-md, 2rem);max-width:1242px;margin-left:auto;margin-right:auto;padding-top:var( --global-kb-row-default-top, 25px );padding-bottom:var( --global-kb-row-default-bottom, 25px );padding-top:var(--global-kb-spacing-sm, 1.5rem);padding-bottom:var(--global-kb-spacing-sm, 1.5rem);grid-template-columns:minmax(0, 1fr);}#kt-layout-id_e4a7af-39 > .kt-row-layout-overlay{opacity:0.30;}@media all and (max-width: 1024px){#kt-layout-id_e4a7af-39 > .kt-row-column-wrap{grid-template-columns:minmax(0, 1fr);}}@media all and (max-width: 767px){#kt-layout-id_e4a7af-39 > .kt-row-column-wrap{grid-template-columns:minmax(0, 1fr);}}<\/style>\n<div class=\"wp-block-kadence-rowlayout alignnone\"><div id=\"kt-layout-id_e4a7af-39\" class=\"kt-row-layout-inner kt-layout-id_e4a7af-39\"><div class=\"kt-row-column-wrap kt-has-1-columns kt-gutter-default kt-v-gutter-default kt-row-valign-top kt-row-layout-equal kt-tab-layout-inherit kt-m-colapse-left-to-right kt-mobile-layout-row\"><style>.kadence-column_cd1a4b-1c > .kt-inside-inner-col{border-top-width:0px;border-right-width:0px;border-bottom-width:0px;border-left-width:0px;}.kadence-column_cd1a4b-1c > .kt-inside-inner-col,.kadence-column_cd1a4b-1c > .kt-inside-inner-col:before{border-top-left-radius:0px;border-top-right-radius:0px;border-bottom-right-radius:0px;border-bottom-left-radius:0px;}.kadence-column_cd1a4b-1c > .kt-inside-inner-col{column-gap:var(--global-kb-gap-sm, 1rem);}.kadence-column_cd1a4b-1c > .kt-inside-inner-col{flex-direction:column;}.kadence-column_cd1a4b-1c > .kt-inside-inner-col > .aligncenter{width:100%;}.kadence-column_cd1a4b-1c > .kt-inside-inner-col:before{opacity:0.3;}.kadence-column_cd1a4b-1c{position:relative;}@media all and (max-width: 1024px){.kadence-column_cd1a4b-1c > .kt-inside-inner-col{flex-direction:column;justify-content:center;}}@media all and (max-width: 767px){.kadence-column_cd1a4b-1c > .kt-inside-inner-col{flex-direction:column;justify-content:center;}}<\/style>\n<div class=\"wp-block-kadence-column inner-column-1 kadence-column_cd1a4b-1c\"><div class=\"kt-inside-inner-col\"><style>.kb-posts-id-_74ac63-40 .kb-post-list-item{display:grid;}<\/style><ul class=\"wp-block-kadence-posts kb-posts kadence-posts-list kb-posts-id-_74ac63-40 content-wrap grid-cols kb-posts-style-boxed grid-sm-col-2 grid-lg-col-2 item-image-style-above\"><li class=\"kb-post-list-item\">\n\t<article class=\"entry content-bg loop-entry post-3202 post type-post status-publish format-standard has-post-thumbnail hentry category-warum-individuelle-geschenke tag-individuelle-geschenke tag-werbegeschenke-de tag-werbegeschenke-de-2 tag-werbegeschenke\">\n\t\t\t\t<a aria-hidden=\"true\" tabindex=\"-1\" role=\"presentation\" class=\"post-thumbnail kadence-thumbnail-ratio-2-3\" href=\"https:\/\/sockcustom.com\/de\/warum-individuelle-geschenke\/beste-corporate-business-geschenkideen-im-vergleich\/\" aria-label=\"Beste Corporate\/Business Geschenkideen (im Vergleich)\">\n\t\t\t<div class=\"post-thumbnail-inner\">\n\t\t\t\t<img loading=\"lazy\" decoding=\"async\" width=\"720\" height=\"500\" src=\"https:\/\/sockcustom.com\/wp-content\/uploads\/2022\/05\/Best-Corporate-Gifting-Ideas.jpg\" class=\"attachment-medium_large size-medium_large wp-post-image\" alt=\"Beste Corporate\/Business Geschenkideen (im Vergleich)\" srcset=\"https:\/\/sockcustom.com\/wp-content\/uploads\/2022\/05\/Best-Corporate-Gifting-Ideas.jpg 720w, https:\/\/sockcustom.com\/wp-content\/uploads\/2022\/05\/Best-Corporate-Gifting-Ideas-300x208.jpg 300w\" sizes=\"auto, (max-width: 720px) 100vw, 720px\" \/>\t\t\t<\/div>\n\t\t<\/a><!-- .post-thumbnail -->\n\t\t\t\t<div class=\"entry-content-wrap\">\n\t\t\t<header class=\"entry-header\">\n\t\t<div class=\"entry-taxonomies\">\n\t\t<span class=\"category-links term-links category-style-normal\">\n\t\t\t<a href=\"https:\/\/sockcustom.com\/de\/custom-logo-socks-category\/warum-individuelle-geschenke\/\" class=\"category-link-warum-individuelle-geschenke\" rel=\"tag\">Warum individuelle Geschenke<\/a>\t\t<\/span>\n\t<\/div><!-- .entry-taxonomies -->\n\t<h3 class=\"entry-title\"><a href=\"https:\/\/sockcustom.com\/de\/warum-individuelle-geschenke\/beste-corporate-business-geschenkideen-im-vergleich\/\" rel=\"bookmark\">Beste Corporate\/Business Geschenkideen (im Vergleich)<\/a><\/h3><\/header><!-- .entry-header -->\n<footer class=\"entry-footer\">\n\t<\/footer><!-- .entry-footer -->\t\t<\/div>\n\t<\/article>\n<\/li>\n<li class=\"kb-post-list-item\">\n\t<article class=\"entry content-bg loop-entry post-3192 post type-post status-publish format-standard has-post-thumbnail hentry category-erstellen-sie-benutzerdefinierte-socken tag-geld-verdienen tag-kundenspezifische-sockengeschafte tag-verteiler\">\n\t\t\t\t<a aria-hidden=\"true\" tabindex=\"-1\" role=\"presentation\" class=\"post-thumbnail kadence-thumbnail-ratio-2-3\" href=\"https:\/\/sockcustom.com\/de\/erstellen-sie-benutzerdefinierte-socken\/verdienen-sie-ihren-gewinn-indem-sie-sockcustoms-distributor-werden\/\" aria-label=\"Verdienen Sie Ihren Gewinn, indem Sie SockCustom&#8217;s Distributor werden\">\n\t\t\t<div class=\"post-thumbnail-inner\">\n\t\t\t\t<img loading=\"lazy\" decoding=\"async\" width=\"768\" height=\"429\" src=\"https:\/\/sockcustom.com\/wp-content\/uploads\/2022\/05\/Earn-your-profit-in-custom-sock-business-with-sockcustomcom-new-768x429.jpg\" class=\"attachment-medium_large size-medium_large wp-post-image\" alt=\"Verdienen Sie Ihren Gewinn, indem Sie SockCustom&#8217;s Distributor werden\" srcset=\"https:\/\/sockcustom.com\/wp-content\/uploads\/2022\/05\/Earn-your-profit-in-custom-sock-business-with-sockcustomcom-new-768x429.jpg 768w, https:\/\/sockcustom.com\/wp-content\/uploads\/2022\/05\/Earn-your-profit-in-custom-sock-business-with-sockcustomcom-new-300x167.jpg 300w, https:\/\/sockcustom.com\/wp-content\/uploads\/2022\/05\/Earn-your-profit-in-custom-sock-business-with-sockcustomcom-new-1024x572.jpg 1024w, https:\/\/sockcustom.com\/wp-content\/uploads\/2022\/05\/Earn-your-profit-in-custom-sock-business-with-sockcustomcom-new.jpg 1204w\" sizes=\"auto, (max-width: 768px) 100vw, 768px\" \/>\t\t\t<\/div>\n\t\t<\/a><!-- .post-thumbnail -->\n\t\t\t\t<div class=\"entry-content-wrap\">\n\t\t\t<header class=\"entry-header\">\n\t\t<div class=\"entry-taxonomies\">\n\t\t<span class=\"category-links term-links category-style-normal\">\n\t\t\t<a href=\"https:\/\/sockcustom.com\/de\/custom-logo-socks-category\/erstellen-sie-benutzerdefinierte-socken\/\" class=\"category-link-erstellen-sie-benutzerdefinierte-socken\" rel=\"tag\">Erstellen Sie benutzerdefinierte Socken<\/a>\t\t<\/span>\n\t<\/div><!-- .entry-taxonomies -->\n\t<h3 class=\"entry-title\"><a href=\"https:\/\/sockcustom.com\/de\/erstellen-sie-benutzerdefinierte-socken\/verdienen-sie-ihren-gewinn-indem-sie-sockcustoms-distributor-werden\/\" rel=\"bookmark\">Verdienen Sie Ihren Gewinn, indem Sie SockCustom&#8217;s Distributor werden<\/a><\/h3><\/header><!-- .entry-header -->\n<footer class=\"entry-footer\">\n\t<\/footer><!-- .entry-footer -->\t\t<\/div>\n\t<\/article>\n<\/li>\n<li class=\"kb-post-list-item\">\n\t<article class=\"entry content-bg loop-entry post-3173 post type-post status-publish format-standard has-post-thumbnail hentry category-erstellen-sie-benutzerdefinierte-socken tag-individuelles-sockendesign tag-sockenfarbabstimmung tag-sockenstricknadeln\">\n\t\t\t\t<a aria-hidden=\"true\" tabindex=\"-1\" role=\"presentation\" class=\"post-thumbnail kadence-thumbnail-ratio-2-3\" href=\"https:\/\/sockcustom.com\/de\/erstellen-sie-benutzerdefinierte-socken\/wie-wir-ein-schoenes-sockendesign-machen\/\" aria-label=\"Wie wir ein sch\u00f6nes Sockendesign machen\">\n\t\t\t<div class=\"post-thumbnail-inner\">\n\t\t\t\t<img loading=\"lazy\" decoding=\"async\" width=\"600\" height=\"580\" src=\"https:\/\/sockcustom.com\/wp-content\/uploads\/2022\/05\/1622365942_600px.jpg\" class=\"attachment-medium_large size-medium_large wp-post-image\" alt=\"Wie wir ein sch\u00f6nes Sockendesign machen\" srcset=\"https:\/\/sockcustom.com\/wp-content\/uploads\/2022\/05\/1622365942_600px.jpg 600w, https:\/\/sockcustom.com\/wp-content\/uploads\/2022\/05\/1622365942_600px-300x290.jpg 300w\" sizes=\"auto, (max-width: 600px) 100vw, 600px\" \/>\t\t\t<\/div>\n\t\t<\/a><!-- .post-thumbnail -->\n\t\t\t\t<div class=\"entry-content-wrap\">\n\t\t\t<header class=\"entry-header\">\n\t\t<div class=\"entry-taxonomies\">\n\t\t<span class=\"category-links term-links category-style-normal\">\n\t\t\t<a href=\"https:\/\/sockcustom.com\/de\/custom-logo-socks-category\/erstellen-sie-benutzerdefinierte-socken\/\" class=\"category-link-erstellen-sie-benutzerdefinierte-socken\" rel=\"tag\">Erstellen Sie benutzerdefinierte Socken<\/a>\t\t<\/span>\n\t<\/div><!-- .entry-taxonomies -->\n\t<h3 class=\"entry-title\"><a href=\"https:\/\/sockcustom.com\/de\/erstellen-sie-benutzerdefinierte-socken\/wie-wir-ein-schoenes-sockendesign-machen\/\" rel=\"bookmark\">Wie wir ein sch\u00f6nes Sockendesign machen<\/a><\/h3><\/header><!-- .entry-header -->\n<footer class=\"entry-footer\">\n\t<\/footer><!-- .entry-footer -->\t\t<\/div>\n\t<\/article>\n<\/li>\n<li class=\"kb-post-list-item\">\n\t<article class=\"entry content-bg loop-entry post-3167 post type-post status-publish format-standard has-post-thumbnail hentry category-erstellen-sie-benutzerdefinierte-socken tag-add-ons-de tag-benutzerdefinierte-sockenoptionen tag-dienste tag-erstellen-sie-benutzerdefinierte-socken\">\n\t\t\t\t<a aria-hidden=\"true\" tabindex=\"-1\" role=\"presentation\" class=\"post-thumbnail kadence-thumbnail-ratio-2-3\" href=\"https:\/\/sockcustom.com\/de\/erstellen-sie-benutzerdefinierte-socken\/optionen-und-zusatzdienste-bei-der-herstellung-von-benutzerdefinierten-socken\/\" aria-label=\"Optionen und Zusatzdienste bei der Herstellung von benutzerdefinierten Socken\">\n\t\t\t<div class=\"post-thumbnail-inner\">\n\t\t\t\t<img loading=\"lazy\" decoding=\"async\" width=\"600\" height=\"400\" src=\"https:\/\/sockcustom.com\/wp-content\/uploads\/2022\/05\/make-custom-socks-with-your-logo-post.jpg\" class=\"attachment-medium_large size-medium_large wp-post-image\" alt=\"Optionen und Zusatzdienste bei der Herstellung von benutzerdefinierten Socken\" srcset=\"https:\/\/sockcustom.com\/wp-content\/uploads\/2022\/05\/make-custom-socks-with-your-logo-post.jpg 600w, https:\/\/sockcustom.com\/wp-content\/uploads\/2022\/05\/make-custom-socks-with-your-logo-post-300x200.jpg 300w\" sizes=\"auto, (max-width: 600px) 100vw, 600px\" \/>\t\t\t<\/div>\n\t\t<\/a><!-- .post-thumbnail -->\n\t\t\t\t<div class=\"entry-content-wrap\">\n\t\t\t<header class=\"entry-header\">\n\t\t<div class=\"entry-taxonomies\">\n\t\t<span class=\"category-links term-links category-style-normal\">\n\t\t\t<a href=\"https:\/\/sockcustom.com\/de\/custom-logo-socks-category\/erstellen-sie-benutzerdefinierte-socken\/\" class=\"category-link-erstellen-sie-benutzerdefinierte-socken\" rel=\"tag\">Erstellen Sie benutzerdefinierte Socken<\/a>\t\t<\/span>\n\t<\/div><!-- .entry-taxonomies -->\n\t<h3 class=\"entry-title\"><a href=\"https:\/\/sockcustom.com\/de\/erstellen-sie-benutzerdefinierte-socken\/optionen-und-zusatzdienste-bei-der-herstellung-von-benutzerdefinierten-socken\/\" rel=\"bookmark\">Optionen und Zusatzdienste bei der Herstellung von benutzerdefinierten Socken<\/a><\/h3><\/header><!-- .entry-header -->\n<footer class=\"entry-footer\">\n\t<\/footer><!-- .entry-footer -->\t\t<\/div>\n\t<\/article>\n<\/li>\n<li class=\"kb-post-list-item\">\n\t<article class=\"entry content-bg loop-entry post-3156 post type-post status-publish format-standard has-post-thumbnail hentry category-erstellen-sie-benutzerdefinierte-socken tag-geschenkideen-fur-unternehmen tag-individuell-bedruckte-socken tag-masgeschneiderte-stricksocken tag-verwenden-sie-benutzerdefinierte-socken-fur tag-verwendung-von-benutzerdefinierten-socken\">\n\t\t\t\t<a aria-hidden=\"true\" tabindex=\"-1\" role=\"presentation\" class=\"post-thumbnail kadence-thumbnail-ratio-2-3\" href=\"https:\/\/sockcustom.com\/de\/erstellen-sie-benutzerdefinierte-socken\/was-sind-benutzerdefinierte-socken-und-warum-brauchen-sie-sie\/\" aria-label=\"Was sind benutzerdefinierte Socken und warum brauchen Sie sie?\">\n\t\t\t<div class=\"post-thumbnail-inner\">\n\t\t\t\t<img loading=\"lazy\" decoding=\"async\" width=\"768\" height=\"512\" src=\"https:\/\/sockcustom.com\/wp-content\/uploads\/2022\/05\/DSC01788-768x512.jpg\" class=\"attachment-medium_large size-medium_large wp-post-image\" alt=\"Was sind benutzerdefinierte Socken und warum brauchen Sie sie?\" srcset=\"https:\/\/sockcustom.com\/wp-content\/uploads\/2022\/05\/DSC01788-768x512.jpg 768w, https:\/\/sockcustom.com\/wp-content\/uploads\/2022\/05\/DSC01788-300x200.jpg 300w, https:\/\/sockcustom.com\/wp-content\/uploads\/2022\/05\/DSC01788.jpg 967w\" sizes=\"auto, (max-width: 768px) 100vw, 768px\" \/>\t\t\t<\/div>\n\t\t<\/a><!-- .post-thumbnail -->\n\t\t\t\t<div class=\"entry-content-wrap\">\n\t\t\t<header class=\"entry-header\">\n\t\t<div class=\"entry-taxonomies\">\n\t\t<span class=\"category-links term-links category-style-normal\">\n\t\t\t<a href=\"https:\/\/sockcustom.com\/de\/custom-logo-socks-category\/erstellen-sie-benutzerdefinierte-socken\/\" class=\"category-link-erstellen-sie-benutzerdefinierte-socken\" rel=\"tag\">Erstellen Sie benutzerdefinierte Socken<\/a>\t\t<\/span>\n\t<\/div><!-- .entry-taxonomies -->\n\t<h3 class=\"entry-title\"><a href=\"https:\/\/sockcustom.com\/de\/erstellen-sie-benutzerdefinierte-socken\/was-sind-benutzerdefinierte-socken-und-warum-brauchen-sie-sie\/\" rel=\"bookmark\">Was sind benutzerdefinierte Socken und warum brauchen Sie sie?<\/a><\/h3><\/header><!-- .entry-header -->\n<footer class=\"entry-footer\">\n\t<\/footer><!-- .entry-footer -->\t\t<\/div>\n\t<\/article>\n<\/li>\n<\/ul><\/div><\/div>\n<\/div><\/div><\/div>\n<style>#kt-layout-id_9c5208-18 > .kt-row-column-wrap{z-index:10;position:relative;align-content:start;}:where(#kt-layout-id_9c5208-18 > .kt-row-column-wrap) > .wp-block-kadence-column{justify-content:start;}#kt-layout-id_9c5208-18 > .kt-row-column-wrap{column-gap:var(--global-kb-gap-md, 2rem);row-gap:var(--global-kb-gap-md, 2rem);max-width:580px;margin-left:auto;margin-right:auto;padding-top:var( --global-kb-row-default-top, 25px );padding-bottom:var( --global-kb-row-default-bottom, 25px );padding-top:120px;padding-bottom:50px;padding-left:0px;padding-right:0px;grid-template-columns:minmax(0, 1fr);}#kt-layout-id_9c5208-18 > .kt-row-layout-overlay{opacity:0.30;}#kt-layout-id_9c5208-18 .kt-row-layout-bottom-sep{height:100px;}#kt-layout-id_9c5208-18 .kt-row-layout-bottom-sep svg{width:312%;}#kt-layout-id_9c5208-18 .kt-row-layout-bottom-sep svg{fill:#ffffff!important;}#kt-layout-id_9c5208-18 .kt-row-layout-top-sep{height:70px;}#kt-layout-id_9c5208-18 .kt-row-layout-top-sep svg{width:100%;}#kt-layout-id_9c5208-18 .kt-row-layout-top-sep svg{fill:var(--global-palette9, #ffffff)!important;}@media all and (max-width: 1024px){#kt-layout-id_9c5208-18 > .kt-row-column-wrap{grid-template-columns:minmax(0, 1fr);}}@media all and (max-width: 1024px){#kt-layout-id_9c5208-18 .kt-row-layout-bottom-sep{height:px;}}@media all and (max-width: 1024px){#kt-layout-id_9c5208-18 .kt-row-layout-bottom-sep svg{width:%;}}@media all and (max-width: 767px){#kt-layout-id_9c5208-18 > .kt-row-column-wrap{grid-template-columns:minmax(0, 1fr);}#kt-layout-id_9c5208-18 .kt-row-layout-bottom-sep{height:px;}#kt-layout-id_9c5208-18 .kt-row-layout-bottom-sep svg{width:%;}}<\/style>\n<div class=\"wp-block-kadence-rowlayout alignnone\"><div id=\"kt-layout-id_9c5208-18\" class=\"kt-row-layout-inner kt-row-has-bg kt-layout-id_9c5208-18 has-theme-palette-8-background-color\"><div class=\"kt-row-layout-top-sep kt-row-sep-type-sltr\"><svg style=\"fill:var(--global-palette9)\" viewBox=\"0 0 1000 100\" preserveAspectRatio=\"none\"><path d=\"M0,0l1000,100l-1000,0l0,-100Z\"><\/path><\/svg><\/div><div class=\"kt-row-column-wrap kt-has-1-columns kt-gutter-default kt-v-gutter-default kt-row-valign-top kt-row-layout-equal kt-tab-layout-inherit kt-m-colapse-left-to-right kt-mobile-layout-row\"><style>.kadence-column_74a190-06 > .kt-inside-inner-col{border-top-width:0px;border-right-width:0px;border-bottom-width:0px;border-left-width:0px;}.kadence-column_74a190-06 > .kt-inside-inner-col,.kadence-column_74a190-06 > .kt-inside-inner-col:before{border-top-left-radius:0px;border-top-right-radius:0px;border-bottom-right-radius:0px;border-bottom-left-radius:0px;}.kadence-column_74a190-06 > .kt-inside-inner-col{column-gap:var(--global-kb-gap-sm, 1rem);}.kadence-column_74a190-06 > .kt-inside-inner-col{flex-direction:column;}.kadence-column_74a190-06 > .kt-inside-inner-col > .aligncenter{width:100%;}.kadence-column_74a190-06 > .kt-inside-inner-col:before{opacity:0.3;}.kadence-column_74a190-06{position:relative;}@media all and (max-width: 1024px){.kadence-column_74a190-06 > .kt-inside-inner-col{flex-direction:column;justify-content:center;}}@media all and (max-width: 767px){.kadence-column_74a190-06 > .kt-inside-inner-col{flex-direction:column;justify-content:center;}}<\/style>\n<div class=\"wp-block-kadence-column inner-column-1 kadence-column_74a190-06\"><div class=\"kt-inside-inner-col\"><style>.wp-block-kadence-advancedheading.kt-adv-heading_2b8a8b-a2, .wp-block-kadence-advancedheading.kt-adv-heading_2b8a8b-a2[data-kb-block=\"kb-adv-heading_2b8a8b-a2\"]{margin-bottom:35px;text-align:center;font-size:30px;line-height:38px;font-weight:normal;font-style:normal;}.wp-block-kadence-advancedheading.kt-adv-heading_2b8a8b-a2 mark.kt-highlight, .wp-block-kadence-advancedheading.kt-adv-heading_2b8a8b-a2[data-kb-block=\"kb-adv-heading_2b8a8b-a2\"] mark.kt-highlight{font-weight:normal;font-style:normal;color:#f76a0c;-webkit-box-decoration-break:clone;box-decoration-break:clone;padding-top:0px;padding-right:0px;padding-bottom:0px;padding-left:0px;}<\/style>\n<h2 class=\"kt-adv-heading_2b8a8b-a2 wp-block-kadence-advancedheading has-theme-palette-3-color has-text-color\" data-kb-block=\"kb-adv-heading_2b8a8b-a2\">Holen Sie sich die benutzerdefinierten Logo-Socken, die Sie ben\u00f6tigen und die Ihre Kunden m\u00f6gen.<\/h2>\n\n\n<style>.wp-block-kadence-advancedheading.kt-adv-heading_ee59a8-8e, .wp-block-kadence-advancedheading.kt-adv-heading_ee59a8-8e[data-kb-block=\"kb-adv-heading_ee59a8-8e\"]{margin-bottom:35px;text-align:center;font-weight:normal;font-style:normal;}.wp-block-kadence-advancedheading.kt-adv-heading_ee59a8-8e mark.kt-highlight, .wp-block-kadence-advancedheading.kt-adv-heading_ee59a8-8e[data-kb-block=\"kb-adv-heading_ee59a8-8e\"] mark.kt-highlight{font-weight:normal;font-style:normal;color:#f76a0c;-webkit-box-decoration-break:clone;box-decoration-break:clone;padding-top:0px;padding-right:0px;padding-bottom:0px;padding-left:0px;}<\/style>\n<p class=\"kt-adv-heading_ee59a8-8e wp-block-kadence-advancedheading\" data-kb-block=\"kb-adv-heading_ee59a8-8e\">Wir bieten die beste L\u00f6sung f\u00fcr Gesch\u00e4ftsgeschenke, beginnen Sie noch heute, individuelle Socken mit dem Logo Ihrer Marke herzustellen!<\/p>\n\n\n<style>.wp-block-kadence-advancedbtn.kb-btns_f3b889-5a{gap:var(--global-kb-gap-xs, 0.5rem );justify-content:center;align-items:center;}.kt-btns_f3b889-5a .kt-button{font-weight:normal;font-style:normal;}.kt-btns_f3b889-5a .kt-btn-wrap-0{margin-right:5px;}.wp-block-kadence-advancedbtn.kt-btns_f3b889-5a .kt-btn-wrap-0 .kt-button{padding-left:30px;padding-right:30px;padding-top:14px;padding-bottom:14px;color:#ffffff;font-size:15px;background:var(--global-palette1, #3182CE);border-color:rgba(85, 85, 85, 0.01);}.wp-block-kadence-advancedbtn.kt-btns_f3b889-5a .kt-btn-wrap-0 .kt-button:hover, .wp-block-kadence-advancedbtn.kt-btns_f3b889-5a .kt-btn-wrap-0 .kt-button:focus{color:#ffffff;border-color:rgba(68, 68, 68, 0.02);}.wp-block-kadence-advancedbtn.kt-btns_f3b889-5a .kt-btn-wrap-0 .kt-button::before{display:none;}.wp-block-kadence-advancedbtn.kt-btns_f3b889-5a .kt-btn-wrap-0 .kt-button:hover, .wp-block-kadence-advancedbtn.kt-btns_f3b889-5a .kt-btn-wrap-0 .kt-button:focus{background:var(--global-palette2, #2B6CB0);}<\/style>\n<div class=\"wp-block-kadence-advancedbtn kt-btn-align-center kt-btn-tablet-align-inherit kt-btn-mobile-align-inherit kt-btns-wrap kt-btns_f3b889-5a\"><div class=\"kt-btn-wrap kt-btn-wrap-0\"><a class=\"kt-button button kt-btn-0-action kt-btn-size-custom kt-btn-style-basic kt-btn-svg-show-always kt-btn-has-text-true kt-btn-has-svg-false\" href=\"\/Kontakt\" style=\"border-radius:8px;border-width:0px\"><span class=\"kt-btn-inner-text\">Legen Sie jetzt los!<\/span><\/a><\/div><\/div>\n<\/div><\/div>\n<\/div><\/div><\/div>\n","protected":false},"excerpt":{"rendered":"<p>Blog Hier finden Sie unsere neuesten Updates zu benutzerdefinierten Logo-Socken!<\/p>\n","protected":false},"author":2,"featured_media":0,"parent":0,"menu_order":0,"comment_status":"closed","ping_status":"closed","template":"","meta":{"_kadence_starter_templates_imported_post":false,"_kad_post_transparent":"","_kad_post_title":"","_kad_post_layout":"","_kad_post_sidebar_id":"","_kad_post_content_style":"","_kad_post_vertical_padding":"","_kad_post_feature":"","_kad_post_feature_position":"","_kad_post_header":false,"_kad_post_footer":false,"_kad_post_classname":"","_glsr_average":0,"_glsr_ranking":0,"_glsr_reviews":0,"footnotes":""},"class_list":["post-3148","page","type-page","status-publish","hentry"],"_links":{"self":[{"href":"https:\/\/sockcustom.com\/de\/wp-json\/wp\/v2\/pages\/3148","targetHints":{"allow":["GET"]}}],"collection":[{"href":"https:\/\/sockcustom.com\/de\/wp-json\/wp\/v2\/pages"}],"about":[{"href":"https:\/\/sockcustom.com\/de\/wp-json\/wp\/v2\/types\/page"}],"author":[{"embeddable":true,"href":"https:\/\/sockcustom.com\/de\/wp-json\/wp\/v2\/users\/2"}],"replies":[{"embeddable":true,"href":"https:\/\/sockcustom.com\/de\/wp-json\/wp\/v2\/comments?post=3148"}],"version-history":[{"count":1,"href":"https:\/\/sockcustom.com\/de\/wp-json\/wp\/v2\/pages\/3148\/revisions"}],"predecessor-version":[{"id":3149,"href":"https:\/\/sockcustom.com\/de\/wp-json\/wp\/v2\/pages\/3148\/revisions\/3149"}],"wp:attachment":[{"href":"https:\/\/sockcustom.com\/de\/wp-json\/wp\/v2\/media?parent=3148"}],"curies":[{"name":"wp","href":"https:\/\/api.w.org\/{rel}","templated":true}]}}